
{"id":16,"date":"2024-03-22T08:52:25","date_gmt":"2024-03-22T05:52:25","guid":{"rendered":"https:\/\/denizlikocnakliyat.com\/?page_id=16"},"modified":"2024-03-27T21:40:07","modified_gmt":"2024-03-27T18:40:07","slug":"bize-ulasin","status":"publish","type":"page","link":"https:\/\/denizlikocnakliyat.com\/index.php\/bize-ulasin\/","title":{"rendered":"Bize ula\u015f\u0131n"},"content":{"rendered":"\n<p>Bize 7 g\u00fcn 24 saat 05333825770 numaral\u0131 telefondan ula\u015fabilirsiniz.<\/p>\n","protected":false},"excerpt":{"rendered":"<p>Bize 7 g\u00fcn 24 saat 05333825770 numaral\u0131 telefondan ula\u015fabilirsiniz.<\/p>\n","protected":false},"author":1,"featured_media":0,"parent":0,"menu_order":0,"comment_status":"closed","ping_status":"closed","template":"","meta":{"footnotes":""},"class_list":["post-16","page","type-page","status-publish","hentry"],"_links":{"self":[{"href":"https:\/\/denizlikocnakliyat.com\/index.php\/wp-json\/wp\/v2\/pages\/16","targetHints":{"allow":["GET"]}}],"collection":[{"href":"https:\/\/denizlikocnakliyat.com\/index.php\/wp-json\/wp\/v2\/pages"}],"about":[{"href":"https:\/\/denizlikocnakliyat.com\/index.php\/wp-json\/wp\/v2\/types\/page"}],"author":[{"embeddable":true,"href":"https:\/\/denizlikocnakliyat.com\/index.php\/wp-json\/wp\/v2\/users\/1"}],"replies":[{"embeddable":true,"href":"https:\/\/denizlikocnakliyat.com\/index.php\/wp-json\/wp\/v2\/comments?post=16"}],"version-history":[{"count":4,"href":"https:\/\/denizlikocnakliyat.com\/index.php\/wp-json\/wp\/v2\/pages\/16\/revisions"}],"predecessor-version":[{"id":78,"href":"https:\/\/denizlikocnakliyat.com\/index.php\/wp-json\/wp\/v2\/pages\/16\/revisions\/78"}],"wp:attachment":[{"href":"https:\/\/denizlikocnakliyat.com\/index.php\/wp-json\/wp\/v2\/media?parent=16"}],"curies":[{"name":"wp","href":"https:\/\/api.w.org\/{rel}","templated":true}]}}