
{"id":14,"date":"2024-03-22T08:52:25","date_gmt":"2024-03-22T05:52:25","guid":{"rendered":"https:\/\/denizlikocnakliyat.com\/?page_id=14"},"modified":"2024-11-15T17:57:30","modified_gmt":"2024-11-15T14:57:30","slug":"ana-sayfa","status":"publish","type":"page","link":"https:\/\/denizlikocnakliyat.com\/","title":{"rendered":"Merhaba"},"content":{"rendered":"\n<p>Denizli ve \u00e7evresinde ta\u015f\u0131mac\u0131l\u0131k i\u015flemerinizde yan\u0131n\u0131zday\u0131z.<\/p>\n\n\n\n<figure class=\"wp-block-gallery has-nested-images columns-default is-cropped wp-block-gallery-1 is-layout-flex wp-block-gallery-is-layout-flex\">\n<figure class=\"wp-block-image size-large\"><img loading=\"lazy\" decoding=\"async\" width=\"1024\" height=\"768\" data-id=\"103\" src=\"https:\/\/denizlikocnakliyat.com\/wp-content\/uploads\/2024\/11\/2024-11-15-at-17.51.35-1024x768.jpeg\" alt=\"\" class=\"wp-image-103\" srcset=\"https:\/\/denizlikocnakliyat.com\/wp-content\/uploads\/2024\/11\/2024-11-15-at-17.51.35-1024x768.jpeg 1024w, https:\/\/denizlikocnakliyat.com\/wp-content\/uploads\/2024\/11\/2024-11-15-at-17.51.35-300x225.jpeg 300w, https:\/\/denizlikocnakliyat.com\/wp-content\/uploads\/2024\/11\/2024-11-15-at-17.51.35-768x576.jpeg 768w, https:\/\/denizlikocnakliyat.com\/wp-content\/uploads\/2024\/11\/2024-11-15-at-17.51.35-1536x1152.jpeg 1536w, https:\/\/denizlikocnakliyat.com\/wp-content\/uploads\/2024\/11\/2024-11-15-at-17.51.35.jpeg 1600w\" sizes=\"auto, (max-width: 767px) 89vw, (max-width: 1000px) 54vw, (max-width: 1071px) 543px, 580px\" \/><\/figure>\n\n\n\n<figure class=\"wp-block-image size-large\"><img loading=\"lazy\" decoding=\"async\" width=\"768\" height=\"1024\" data-id=\"104\" src=\"https:\/\/denizlikocnakliyat.com\/wp-content\/uploads\/2024\/11\/2024-11-15-at-17.51.40-768x1024.jpeg\" alt=\"\" class=\"wp-image-104\" srcset=\"https:\/\/denizlikocnakliyat.com\/wp-content\/uploads\/2024\/11\/2024-11-15-at-17.51.40-768x1024.jpeg 768w, https:\/\/denizlikocnakliyat.com\/wp-content\/uploads\/2024\/11\/2024-11-15-at-17.51.40-225x300.jpeg 225w, https:\/\/denizlikocnakliyat.com\/wp-content\/uploads\/2024\/11\/2024-11-15-at-17.51.40-1152x1536.jpeg 1152w, https:\/\/denizlikocnakliyat.com\/wp-content\/uploads\/2024\/11\/2024-11-15-at-17.51.40.jpeg 1200w\" sizes=\"auto, (max-width: 767px) 89vw, (max-width: 1000px) 54vw, (max-width: 1071px) 543px, 580px\" \/><\/figure>\n\n\n\n<figure class=\"wp-block-image size-large\"><img loading=\"lazy\" decoding=\"async\" width=\"768\" height=\"1024\" data-id=\"81\" src=\"https:\/\/denizlikocnakliyat.com\/wp-content\/uploads\/2024\/09\/WhatsApp-Image-2024-09-27-at-08.43.13-768x1024.jpeg\" alt=\"\" class=\"wp-image-81\" srcset=\"https:\/\/denizlikocnakliyat.com\/wp-content\/uploads\/2024\/09\/WhatsApp-Image-2024-09-27-at-08.43.13-768x1024.jpeg 768w, https:\/\/denizlikocnakliyat.com\/wp-content\/uploads\/2024\/09\/WhatsApp-Image-2024-09-27-at-08.43.13-225x300.jpeg 225w, https:\/\/denizlikocnakliyat.com\/wp-content\/uploads\/2024\/09\/WhatsApp-Image-2024-09-27-at-08.43.13-1152x1536.jpeg 1152w, https:\/\/denizlikocnakliyat.com\/wp-content\/uploads\/2024\/09\/WhatsApp-Image-2024-09-27-at-08.43.13.jpeg 1500w\" sizes=\"auto, (max-width: 767px) 89vw, (max-width: 1000px) 54vw, (max-width: 1071px) 543px, 580px\" \/><\/figure>\n\n\n\n<figure class=\"wp-block-image size-large\"><img loading=\"lazy\" decoding=\"async\" width=\"1024\" height=\"768\" data-id=\"80\" src=\"https:\/\/denizlikocnakliyat.com\/wp-content\/uploads\/2024\/09\/WhatsApp-Image-2024-09-27-at-08.42.29-1024x768.jpeg\" alt=\"\" class=\"wp-image-80\" srcset=\"https:\/\/denizlikocnakliyat.com\/wp-content\/uploads\/2024\/09\/WhatsApp-Image-2024-09-27-at-08.42.29-1024x768.jpeg 1024w, https:\/\/denizlikocnakliyat.com\/wp-content\/uploads\/2024\/09\/WhatsApp-Image-2024-09-27-at-08.42.29-300x225.jpeg 300w, https:\/\/denizlikocnakliyat.com\/wp-content\/uploads\/2024\/09\/WhatsApp-Image-2024-09-27-at-08.42.29-768x576.jpeg 768w, https:\/\/denizlikocnakliyat.com\/wp-content\/uploads\/2024\/09\/WhatsApp-Image-2024-09-27-at-08.42.29-1536x1152.jpeg 1536w, https:\/\/denizlikocnakliyat.com\/wp-content\/uploads\/2024\/09\/WhatsApp-Image-2024-09-27-at-08.42.29.jpeg 2000w\" sizes=\"auto, (max-width: 767px) 89vw, (max-width: 1000px) 54vw, (max-width: 1071px) 543px, 580px\" \/><\/figure>\n\n\n\n<figure class=\"wp-block-image size-large\"><img loading=\"lazy\" decoding=\"async\" width=\"768\" height=\"1024\" data-id=\"57\" src=\"https:\/\/denizlikocnakliyat.com\/wp-content\/uploads\/2024\/03\/arac_kasa-768x1024.jpeg\" alt=\"\" class=\"wp-image-57\" srcset=\"https:\/\/denizlikocnakliyat.com\/wp-content\/uploads\/2024\/03\/arac_kasa-768x1024.jpeg 768w, https:\/\/denizlikocnakliyat.com\/wp-content\/uploads\/2024\/03\/arac_kasa-225x300.jpeg 225w, https:\/\/denizlikocnakliyat.com\/wp-content\/uploads\/2024\/03\/arac_kasa-1152x1536.jpeg 1152w, https:\/\/denizlikocnakliyat.com\/wp-content\/uploads\/2024\/03\/arac_kasa.jpeg 1500w\" sizes=\"auto, (max-width: 767px) 89vw, (max-width: 1000px) 54vw, (max-width: 1071px) 543px, 580px\" \/><\/figure>\n\n\n\n<figure class=\"wp-block-image size-large\"><img loading=\"lazy\" decoding=\"async\" width=\"400\" height=\"534\" data-id=\"91\" src=\"https:\/\/denizlikocnakliyat.com\/wp-content\/uploads\/2024\/11\/2024.11.15-3.jpeg\" alt=\"\" class=\"wp-image-91\" srcset=\"https:\/\/denizlikocnakliyat.com\/wp-content\/uploads\/2024\/11\/2024.11.15-3.jpeg 400w, https:\/\/denizlikocnakliyat.com\/wp-content\/uploads\/2024\/11\/2024.11.15-3-225x300.jpeg 225w\" sizes=\"auto, (max-width: 400px) 100vw, 400px\" \/><\/figure>\n\n\n\n<figure class=\"wp-block-image size-large\"><img loading=\"lazy\" decoding=\"async\" width=\"400\" height=\"534\" data-id=\"89\" src=\"https:\/\/denizlikocnakliyat.com\/wp-content\/uploads\/2024\/11\/2024.11.15-1.jpeg\" alt=\"\" class=\"wp-image-89\" srcset=\"https:\/\/denizlikocnakliyat.com\/wp-content\/uploads\/2024\/11\/2024.11.15-1.jpeg 400w, https:\/\/denizlikocnakliyat.com\/wp-content\/uploads\/2024\/11\/2024.11.15-1-225x300.jpeg 225w\" sizes=\"auto, (max-width: 400px) 100vw, 400px\" \/><\/figure>\n\n\n\n<figure class=\"wp-block-image size-large\"><img loading=\"lazy\" decoding=\"async\" width=\"400\" height=\"534\" data-id=\"90\" src=\"https:\/\/denizlikocnakliyat.com\/wp-content\/uploads\/2024\/11\/2024.11.15-2.jpeg\" alt=\"\" class=\"wp-image-90\" srcset=\"https:\/\/denizlikocnakliyat.com\/wp-content\/uploads\/2024\/11\/2024.11.15-2.jpeg 400w, https:\/\/denizlikocnakliyat.com\/wp-content\/uploads\/2024\/11\/2024.11.15-2-225x300.jpeg 225w\" sizes=\"auto, (max-width: 400px) 100vw, 400px\" \/><\/figure>\n\n\n\n<figure class=\"wp-block-image size-large\"><img loading=\"lazy\" decoding=\"async\" width=\"2000\" height=\"1584\" data-id=\"84\" src=\"https:\/\/denizlikocnakliyat.com\/wp-content\/uploads\/2024\/09\/cropped-WhatsApp-Image-2024-09-27-at-08.43.26.jpeg\" alt=\"\" class=\"wp-image-84\"\/><\/figure>\n\n\n\n<figure class=\"wp-block-image size-large\"><img loading=\"lazy\" decoding=\"async\" width=\"768\" height=\"1024\" data-id=\"56\" src=\"https:\/\/denizlikocnakliyat.com\/wp-content\/uploads\/2024\/03\/arac_arkadan-768x1024.jpeg\" alt=\"\" class=\"wp-image-56\" srcset=\"https:\/\/denizlikocnakliyat.com\/wp-content\/uploads\/2024\/03\/arac_arkadan-768x1024.jpeg 768w, https:\/\/denizlikocnakliyat.com\/wp-content\/uploads\/2024\/03\/arac_arkadan-225x300.jpeg 225w, https:\/\/denizlikocnakliyat.com\/wp-content\/uploads\/2024\/03\/arac_arkadan-1152x1536.jpeg 1152w, https:\/\/denizlikocnakliyat.com\/wp-content\/uploads\/2024\/03\/arac_arkadan.jpeg 1500w\" sizes=\"auto, (max-width: 767px) 89vw, (max-width: 1000px) 54vw, (max-width: 1071px) 543px, 580px\" \/><\/figure>\n\n\n\n<figure class=\"wp-block-image size-large\"><img loading=\"lazy\" decoding=\"async\" width=\"1024\" height=\"943\" data-id=\"20\" src=\"https:\/\/denizlikocnakliyat.com\/wp-content\/uploads\/2024\/03\/cropped-kocnakliyat1-1024x943.jpeg\" alt=\"\" class=\"wp-image-20\" srcset=\"https:\/\/denizlikocnakliyat.com\/wp-content\/uploads\/2024\/03\/cropped-kocnakliyat1-1024x943.jpeg 1024w, https:\/\/denizlikocnakliyat.com\/wp-content\/uploads\/2024\/03\/cropped-kocnakliyat1-300x276.jpeg 300w, https:\/\/denizlikocnakliyat.com\/wp-content\/uploads\/2024\/03\/cropped-kocnakliyat1-768x707.jpeg 768w, https:\/\/denizlikocnakliyat.com\/wp-content\/uploads\/2024\/03\/cropped-kocnakliyat1-1536x1415.jpeg 1536w, https:\/\/denizlikocnakliyat.com\/wp-content\/uploads\/2024\/03\/cropped-kocnakliyat1.jpeg 2000w\" sizes=\"auto, (max-width: 767px) 89vw, (max-width: 1000px) 54vw, (max-width: 1071px) 543px, 580px\" \/><\/figure>\n<\/figure>\n","protected":false},"excerpt":{"rendered":"<p>Denizli ve \u00e7evresinde ta\u015f\u0131mac\u0131l\u0131k i\u015flemerinizde yan\u0131n\u0131zday\u0131z.<\/p>\n","protected":false},"author":1,"featured_media":0,"parent":0,"menu_order":0,"comment_status":"closed","ping_status":"closed","template":"","meta":{"footnotes":""},"class_list":["post-14","page","type-page","status-publish","hentry"],"_links":{"self":[{"href":"https:\/\/denizlikocnakliyat.com\/index.php\/wp-json\/wp\/v2\/pages\/14","targetHints":{"allow":["GET"]}}],"collection":[{"href":"https:\/\/denizlikocnakliyat.com\/index.php\/wp-json\/wp\/v2\/pages"}],"about":[{"href":"https:\/\/denizlikocnakliyat.com\/index.php\/wp-json\/wp\/v2\/types\/page"}],"author":[{"embeddable":true,"href":"https:\/\/denizlikocnakliyat.com\/index.php\/wp-json\/wp\/v2\/users\/1"}],"replies":[{"embeddable":true,"href":"https:\/\/denizlikocnakliyat.com\/index.php\/wp-json\/wp\/v2\/comments?post=14"}],"version-history":[{"count":13,"href":"https:\/\/denizlikocnakliyat.com\/index.php\/wp-json\/wp\/v2\/pages\/14\/revisions"}],"predecessor-version":[{"id":105,"href":"https:\/\/denizlikocnakliyat.com\/index.php\/wp-json\/wp\/v2\/pages\/14\/revisions\/105"}],"wp:attachment":[{"href":"https:\/\/denizlikocnakliyat.com\/index.php\/wp-json\/wp\/v2\/media?parent=14"}],"curies":[{"name":"wp","href":"https:\/\/api.w.org\/{rel}","templated":true}]}}